{"id":40988,"date":"2025-04-15T14:23:01","date_gmt":"2025-04-15T14:23:01","guid":{"rendered":"https:\/\/calibrex.com.tr\/?page_id=40988"},"modified":"2025-04-15T14:32:17","modified_gmt":"2025-04-15T14:32:17","slug":"tr","status":"publish","type":"page","link":"https:\/\/calibrex.com.tr\/?page_id=40988","title":{"rendered":"TR"},"content":{"rendered":"\n<blockquote class=\"wp-block-quote has-text-align-center\"><p><strong>\u0130ZM\u0130R, T\u00dcRK\u0130YE&#8217;DE TASARLANDI &amp; \u00dcRET\u0130LD\u0130<\/strong><\/p><\/blockquote>\n\n\n\n<h4 class=\"has-text-align-center\" style=\"font-size:23px\"><strong>H<strong>\u0130<\/strong>KAYE<\/strong><\/h4>\n\n\n\n<h3 class=\"has-text-align-center\" id=\"wp-block-themeisle-blocks-advanced-heading-dd7df7b8\" style=\"font-size:21px\"> 1977 y\u0131l\u0131nda kurulan firmam\u0131z, 2010 y\u0131l\u0131nda CALIBREX markas\u0131na d\u00f6n\u00fc\u015fm\u00fc\u015ft\u00fcr. Neredeyse k\u0131rk y\u0131ll\u0131k tecr\u00fcbemizi yeni nesil bir g\u00f6r\u00fcn\u00fcmle harmanlayarak motosikletler i\u00e7in tank pad, diz pedi ve \u00e7amurluk pedleri gibi motosiklet boya koruma \u00fcr\u00fcnlerini tasarlamaya ve \u00fcretmeye ba\u015flad\u0131k. CALIBREX bu sekt\u00f6rde patent ba\u015fvurular\u0131 yapan ve alan D\u00fcnya&#8217;da ikinci T\u00fcrkiye&#8217;de ise ilk firmad\u0131r. B\u00fct\u00fcn tasar\u0131mlar\u0131m\u0131z \u00f6zg\u00fcnd\u00fcr.<\/h3>\n\n\n\n<h3 class=\"has-text-align-center\" id=\"wp-block-themeisle-blocks-advanced-heading-dd7df7b8\" style=\"font-size:21px\"> \u00dcr\u00fcnlerimiz, bu asfalt canavarlar\u0131na benzersiz bir g\u00f6r\u00fcn\u00fcm kazand\u0131rmak ve boya korumalar\u0131n\u0131 maksimum seviyeye \u00e7\u0131karmak i\u00e7in tasarlanm\u0131\u015ft\u0131r. Ayr\u0131ca; stilizasyon, her t\u00fcrl\u00fc konsept tasar\u0131m, fabrika \u00e7\u0131k\u0131\u015fl\u0131 motosiklet &amp; bisiklet etiketlerinin tasar\u0131m\u0131 ve \u00fcretimi gibi hizmetler de sunmaktay\u0131z. <\/h3>\n\n\n\n<p><\/p>\n\n\n\n<p><\/p>\n\n\n\n<h4 class=\"has-text-align-center\" style=\"font-size:21px\"><strong>TASARIM VE KAL\u0130TE<\/strong><\/h4>\n\n\n\n<h4 class=\"has-text-align-center\" id=\"wp-block-themeisle-blocks-advanced-heading-47d703af\" style=\"font-size:21px\">\n\u00dcretimin ba\u015f\u0131ndan sonuna kadar s\u00fcrecin her a\u015famas\u0131nda elimizden gelenin en iyisini yap\u0131yoruz. \u00dcr\u00fcn tasar\u0131mlar\u0131m\u0131z\u0131, \u00f6zel \u00fcr\u00fcn \u00e7er\u00e7evelerimizi, kutu dizaynlar\u0131m\u0131z\u0131 ve ill\u00fcstrasyonlar\u0131m\u0131z\u0131 (baz\u0131 lisansl\u0131 sanat eserleri hari\u00e7) kendimiz haz\u0131rl\u0131yoruz. Kalite taraf\u0131nda ise; y\u00fcksek dpi bask\u0131ya sahip, boya dostu g\u00fc\u00e7l\u00fc yap\u0131\u015ft\u0131r\u0131c\u0131lar\u0131n \u00fczerine y\u00fcksek dayan\u0131ml\u0131 koruyucu jel tabakas\u0131 uygulanmaktad\u0131r.\n<\/h4>\n\n\n\n<p><\/p>\n\n\n\n<div class=\"wp-block-image\"><figure class=\"aligncenter size-large\"><img loading=\"lazy\" width=\"1024\" height=\"768\" src=\"https:\/\/calibrex.com.tr\/wp-content\/uploads\/2023\/09\/Calibrex-Design-1024x768.jpg\" alt=\"\" class=\"wp-image-27977\" srcset=\"https:\/\/calibrex.com.tr\/wp-content\/uploads\/2023\/09\/Calibrex-Design-1024x768.jpg 1024w, https:\/\/calibrex.com.tr\/wp-content\/uploads\/2023\/09\/Calibrex-Design-scaled-555x416.jpg 555w, https:\/\/calibrex.com.tr\/wp-content\/uploads\/2023\/09\/Calibrex-Design-300x225.jpg 300w, https:\/\/calibrex.com.tr\/wp-content\/uploads\/2023\/09\/Calibrex-Design-768x576.jpg 768w, https:\/\/calibrex.com.tr\/wp-content\/uploads\/2023\/09\/Calibrex-Design-1536x1152.jpg 1536w, https:\/\/calibrex.com.tr\/wp-content\/uploads\/2023\/09\/Calibrex-Design-2048x1536.jpg 2048w\" sizes=\"(max-width: 1024px) 100vw, 1024px\" \/><\/figure><\/div>\n\n\n\n<p><\/p>\n","protected":false},"excerpt":{"rendered":"<p>\u0130ZM\u0130R, T\u00dcRK\u0130YE&#8217;DE TASARLANDI &amp; \u00dcRET\u0130LD\u0130 H\u0130KAYE 1977 y\u0131l\u0131nda kurulan firmam\u0131z, 2010 y\u0131l\u0131nda CALIBREX markas\u0131na d\u00f6n\u00fc\u015fm\u00fc\u015ft\u00fcr. Neredeyse k\u0131rk y\u0131ll\u0131k tecr\u00fcbemizi yeni nesil bir g\u00f6r\u00fcn\u00fcmle harmanlayarak motosikletler i\u00e7in tank pad, diz pedi ve \u00e7amurluk pedleri gibi motosiklet boya koruma \u00fcr\u00fcnlerini tasarlamaya ve \u00fcretmeye ba\u015flad\u0131k. CALIBREX bu sekt\u00f6rde patent ba\u015fvurular\u0131 yapan ve alan D\u00fcnya&#8217;da ikinci T\u00fcrkiye&#8217;de ise ilk [&hellip;]<\/p>\n","protected":false},"author":1,"featured_media":40983,"parent":0,"menu_order":0,"comment_status":"closed","ping_status":"closed","template":"template-contact.php","meta":[],"_links":{"self":[{"href":"https:\/\/calibrex.com.tr\/index.php?rest_route=\/wp\/v2\/pages\/40988"}],"collection":[{"href":"https:\/\/calibrex.com.tr\/index.php?rest_route=\/wp\/v2\/pages"}],"about":[{"href":"https:\/\/calibrex.com.tr\/index.php?rest_route=\/wp\/v2\/types\/page"}],"author":[{"embeddable":true,"href":"https:\/\/calibrex.com.tr\/index.php?rest_route=\/wp\/v2\/users\/1"}],"replies":[{"embeddable":true,"href":"https:\/\/calibrex.com.tr\/index.php?rest_route=%2Fwp%2Fv2%2Fcomments&post=40988"}],"version-history":[{"count":11,"href":"https:\/\/calibrex.com.tr\/index.php?rest_route=\/wp\/v2\/pages\/40988\/revisions"}],"predecessor-version":[{"id":41000,"href":"https:\/\/calibrex.com.tr\/index.php?rest_route=\/wp\/v2\/pages\/40988\/revisions\/41000"}],"wp:featuredmedia":[{"embeddable":true,"href":"https:\/\/calibrex.com.tr\/index.php?rest_route=\/wp\/v2\/media\/40983"}],"wp:attachment":[{"href":"https:\/\/calibrex.com.tr\/index.php?rest_route=%2Fwp%2Fv2%2Fmedia&parent=40988"}],"curies":[{"name":"wp","href":"https:\/\/api.w.org\/{rel}","templated":true}]}}